{"id":1476,"date":"2026-01-13T13:47:03","date_gmt":"2026-01-13T05:47:03","guid":{"rendered":"https:\/\/hwleiclaser.com\/?page_id=1476"},"modified":"2026-04-10T16:18:24","modified_gmt":"2026-04-10T08:18:24","slug":"privacy-policy","status":"publish","type":"page","link":"https:\/\/hwleiclaser.com\/tr\/privacy-policy\/","title":{"rendered":"Gizlilik Politikas\u0131"},"content":{"rendered":"<h2 class=\"wp-block-heading\">Biz kimiz<\/h2>\r\n\r\n\r\n\r\n<p><strong class=\"privacy-policy-tutorial\">\u00d6nerilen metin: <\/strong>Web sitemizin adresi: https:\/\/hwleiclaser.com.<\/p>\r\n\r\n\r\n\r\n<h2 class=\"wp-block-heading\">Yorumlar<\/h2>\r\n\r\n\r\n\r\n<p><strong class=\"privacy-policy-tutorial\">\u00d6nerilen metin: <\/strong>Ziyaret\u00e7iler sitede yorum b\u0131rakt\u0131klar\u0131nda, yorum formunda g\u00f6sterilen verileri topluyoruz ve ayr\u0131ca ziyaret\u00e7inin IP adresi ve taray\u0131c\u0131 kullan\u0131c\u0131 ajan\u0131 dizesini spam tespiti i\u00e7in yard\u0131m ama\u00e7l\u0131 olarak topluyoruz.<\/p>\r\n\r\n\r\n\r\n<p>E-posta adresinizden olu\u015fturulan anonim bir dize (hash olarak da adland\u0131r\u0131l\u0131r) Gravatar hizmetine sa\u011flanabilir, b\u00f6ylece bununla kullan\u0131l\u0131p kullan\u0131lmad\u0131\u011f\u0131n\u0131 g\u00f6rebilirsiniz. Gravatar hizmetinin gizlilik politikas\u0131 burada mevcuttur: https:\/\/automattic.com\/privacy\/. Yorumunuz onayland\u0131ktan sonra profil resminiz, yorumunuzun ba\u011flam\u0131nda halka a\u00e7\u0131k olarak g\u00f6r\u00fcn\u00fcr.<\/p>\r\n\r\n\r\n\r\n<h2 class=\"wp-block-heading\">Medya<\/h2>\r\n\r\n\r\n\r\n<p><strong class=\"privacy-policy-tutorial\">\u00d6nerilen metin: <\/strong>Web sitesine resim y\u00fckledi\u011finizde, yerle\u015fik konum verileri (EXIF GPS) i\u00e7eren resimlerden ka\u00e7\u0131nmal\u0131s\u0131n\u0131z. Web sitesine gelen ziyaret\u00e7iler, web sitesindeki resimlerden herhangi bir konum verisini indirebilir ve \u00e7\u0131karabilir.<\/p>\r\n\r\n\r\n\r\n<h2 class=\"wp-block-heading\">\u00c7erezler<\/h2>\r\n\r\n\r\n\r\n<p><strong class=\"privacy-policy-tutorial\">\u00d6nerilen metin: <\/strong>Sitemizde bir yorum b\u0131rak\u0131rsan\u0131z, ad\u0131n\u0131z\u0131, e-posta adresinizi ve web sitenizi \u00e7erezlerde kaydetmeyi se\u00e7ebilirsiniz. Bu, ba\u015fka bir yorum b\u0131rak\u0131rken bilgilerinizi tekrar doldurman\u0131z gerekmedi\u011fi i\u00e7in sizin kolayl\u0131\u011f\u0131n\u0131z i\u00e7indir. Bu \u00e7erezler bir y\u0131l boyunca ge\u00e7erli olacakt\u0131r.<\/p>\r\n\r\n\r\n\r\n<p>Giri\u015f sayfam\u0131z\u0131 ziyaret ederseniz, taray\u0131c\u0131n\u0131z\u0131n \u00e7erezleri kabul edip etmedi\u011fini belirlemek i\u00e7in ge\u00e7ici bir \u00e7erez ayarlayaca\u011f\u0131z. Bu \u00e7erez, ki\u015fisel veri i\u00e7ermez ve taray\u0131c\u0131n\u0131z\u0131 kapatt\u0131\u011f\u0131n\u0131zda silinir.<\/p>\r\n\r\n\r\n\r\n<p>Giri\u015f yapt\u0131\u011f\u0131n\u0131zda, giri\u015f bilgilerinizi ve ekran g\u00f6r\u00fcnt\u00fcleme se\u00e7imlerinizi kaydetmek i\u00e7in birka\u00e7 \u00e7erez daha ayarlayaca\u011f\u0131z. Giri\u015f \u00e7erezleri iki g\u00fcn boyunca ge\u00e7erli olacak, ekran se\u00e7enekleri \u00e7erezleri ise bir y\u0131l boyunca ge\u00e7erli olacakt\u0131r. E\u011fer \u201cBeni Hat\u0131rla\u201d se\u00e7ene\u011fini se\u00e7erseniz, giri\u015finiz iki hafta boyunca s\u00fcrecektir. Hesab\u0131n\u0131zdan \u00e7\u0131karsan\u0131z, giri\u015f \u00e7erezleri silinecektir.<\/p>\r\n\r\n\r\n\r\n<p>Bir makaleyi d\u00fczenleyip yay\u0131nlarsan\u0131z, taray\u0131c\u0131n\u0131zda ek bir \u00e7erez kaydedilecektir. Bu \u00e7erez, ki\u015fisel veri i\u00e7ermez ve sadece yeni d\u00fczenledi\u011finiz makalenin g\u00f6nderi kimli\u011fini g\u00f6sterir. 1 g\u00fcn sonra s\u00fcresi dolacakt\u0131r.<\/p>\r\n\r\n\r\n\r\n<h2 class=\"wp-block-heading\">Di\u011fer web sitelerinden g\u00f6m\u00fcl\u00fc i\u00e7erik<\/h2>\r\n\r\n\r\n\r\n<p><strong class=\"privacy-policy-tutorial\">\u00d6nerilen metin: <\/strong>Bu sitedeki makaleler g\u00f6m\u00fcl\u00fc i\u00e7erik (\u00f6rne\u011fin videolar, resimler, makaleler vb.) i\u00e7erebilir. Di\u011fer web sitelerinden gelen g\u00f6m\u00fcl\u00fc i\u00e7erik, ziyaret\u00e7inin di\u011fer web sitesini ziyaret etmi\u015f gibi tam olarak davran\u0131r.<\/p>\r\n\r\n\r\n\r\n<p>Bu web siteleri sizinle ilgili veriler toplayabilir, \u00e7erezler kullanabilir, ek \u00fc\u00e7\u00fcnc\u00fc taraf izleme g\u00f6merek ve o g\u00f6m\u00fcl\u00fc i\u00e7erikle olan etkile\u015fiminizi izleyebilir, ayr\u0131ca o web sitesinde bir hesab\u0131n\u0131z varsa g\u00f6m\u00fcl\u00fc i\u00e7erik ile etkile\u015fiminizi izleyebilir.<\/p>\r\n\r\n\r\n\r\n<h2 class=\"wp-block-heading\">Verilerinizi kiminle payla\u015f\u0131yoruz<\/h2>\r\n\r\n\r\n\r\n<p><strong class=\"privacy-policy-tutorial\">\u00d6nerilen metin: <\/strong>Bir \u015fifre s\u0131f\u0131rlama talep ederseniz, IP adresiniz s\u0131f\u0131rlama e-postas\u0131na dahil edilecektir.<\/p>\r\n\r\n\r\n\r\n<h2 class=\"wp-block-heading\">Verilerinizi ne kadar s\u00fcreyle sakl\u0131yoruz<\/h2>\r\n\r\n\r\n\r\n<p><strong class=\"privacy-policy-tutorial\">\u00d6nerilen metin: <\/strong>Bir yorum b\u0131rak\u0131rsan\u0131z, yorum ve meta verileri s\u00fcresiz olarak saklan\u0131r. Bu, otomatik olarak yan\u0131t ve takip yorumlar\u0131n\u0131 tan\u0131yabilmek ve onaylayabilmek i\u00e7indir; bu sayede yorumlar moderasyon kuyru\u011funda bekletilmez.<\/p>\r\n\r\n\r\n\r\n<p>Web sitemizde kay\u0131tl\u0131 olan kullan\u0131c\u0131lar i\u00e7in (varsa), kullan\u0131c\u0131 profillerinde verdikleri ki\u015fisel bilgileri saklar\u0131z. T\u00fcm kullan\u0131c\u0131lar, ki\u015fisel bilgilerini istedikleri zaman g\u00f6rebilir, d\u00fczenleyebilir veya silebilir (kullan\u0131c\u0131 adlar\u0131n\u0131 de\u011fi\u015ftiremezler). Web sitesi y\u00f6neticileri de bu bilgileri g\u00f6rebilir ve d\u00fczenleyebilir.<\/p>\r\n\r\n\r\n\r\n<h2 class=\"wp-block-heading\">Verileriniz \u00fczerinde sahip oldu\u011funuz haklar<\/h2>\r\n\r\n\r\n\r\n<p><strong class=\"privacy-policy-tutorial\">\u00d6nerilen metin: <\/strong>Bu sitede bir hesab\u0131n\u0131z varsa veya yorum b\u0131rakt\u0131ysan\u0131z, sizinle ilgili sahip oldu\u011fumuz ki\u015fisel verilerin d\u0131\u015fa aktar\u0131lm\u0131\u015f bir dosyas\u0131n\u0131 talep edebilirsiniz; bunun i\u00e7inde bize sa\u011flad\u0131\u011f\u0131n\u0131z veriler de dahil olacakt\u0131r. Ayr\u0131ca, sizinle ilgili sahip oldu\u011fumuz ki\u015fisel verileri silmemizi talep edebilirsiniz. Bu, idari, hukuki veya g\u00fcvenlik ama\u00e7lar\u0131yla saklamam\u0131z gereken verileri i\u00e7ermez.<\/p>\r\n\r\n\r\n\r\n<h2 class=\"wp-block-heading\">Verilerinizin nereye g\u00f6nderilece\u011fi<\/h2>\r\n\r\n\r\n\r\n<p><strong class=\"privacy-policy-tutorial\">\u00d6nerilen metin: <\/strong>Ziyaret\u00e7i yorumlar\u0131, otomatik bir spam tespit hizmeti arac\u0131l\u0131\u011f\u0131yla kontrol edilebilir.<\/p>\r\n\r\n<p>&nbsp;<\/p>","protected":false},"excerpt":{"rendered":"<p>Who we are Suggested text: Our website address is: https:\/\/hwleiclaser.com. Comments Suggested text: When visitors leave comments on the site we collect the data shown in the comments form, and also the visitor\u2019s IP address and browser user agent string to help spam detection. An anonymized string created from your email address (also called a [&hellip;]<\/p>","protected":false},"author":1,"featured_media":0,"parent":0,"menu_order":2,"comment_status":"closed","ping_status":"closed","template":"privacy.php","meta":{"_acf_changed":false,"footnotes":""},"class_list":["post-1476","page","type-page","status-publish","hentry"],"acf":[],"_links":{"self":[{"href":"https:\/\/hwleiclaser.com\/tr\/wp-json\/wp\/v2\/pages\/1476","targetHints":{"allow":["GET"]}}],"collection":[{"href":"https:\/\/hwleiclaser.com\/tr\/wp-json\/wp\/v2\/pages"}],"about":[{"href":"https:\/\/hwleiclaser.com\/tr\/wp-json\/wp\/v2\/types\/page"}],"author":[{"embeddable":true,"href":"https:\/\/hwleiclaser.com\/tr\/wp-json\/wp\/v2\/users\/1"}],"replies":[{"embeddable":true,"href":"https:\/\/hwleiclaser.com\/tr\/wp-json\/wp\/v2\/comments?post=1476"}],"version-history":[{"count":2,"href":"https:\/\/hwleiclaser.com\/tr\/wp-json\/wp\/v2\/pages\/1476\/revisions"}],"predecessor-version":[{"id":4320,"href":"https:\/\/hwleiclaser.com\/tr\/wp-json\/wp\/v2\/pages\/1476\/revisions\/4320"}],"wp:attachment":[{"href":"https:\/\/hwleiclaser.com\/tr\/wp-json\/wp\/v2\/media?parent=1476"}],"curies":[{"name":"wp","href":"https:\/\/api.w.org\/{rel}","templated":true}]}}