{"id":1476,"date":"2026-01-13T13:47:03","date_gmt":"2026-01-13T05:47:03","guid":{"rendered":"https:\/\/hwleiclaser.com\/?page_id=1476"},"modified":"2026-04-10T16:18:24","modified_gmt":"2026-04-10T08:18:24","slug":"privacy-policy","status":"publish","type":"page","link":"https:\/\/hwleiclaser.com\/it\/privacy-policy\/","title":{"rendered":"Informativa sulla privacy"},"content":{"rendered":"<h2 class=\"wp-block-heading\">Chi siamo<\/h2>\r\n\r\n\r\n\r\n<p><strong class=\"privacy-policy-tutorial\">Testo suggerito: <\/strong>Il nostro indirizzo web \u00e8: https:\/\/hwleiclaser.com.<\/p>\r\n\r\n\r\n\r\n<h2 class=\"wp-block-heading\">Commenti<\/h2>\r\n\r\n\r\n\r\n<p><strong class=\"privacy-policy-tutorial\">Testo suggerito: <\/strong>Quando i visitatori lasciano commenti sul sito, raccogliamo i dati mostrati nel modulo commenti, e anche l'indirizzo IP del visitatore e la stringa user agent del browser per aiutare la rilevazione dello spam.<\/p>\r\n\r\n\r\n\r\n<p>Una stringa anonimizzata creata dal tuo indirizzo email (chiamata anche hash) pu\u00f2 essere fornita al servizio Gravatar per vedere se lo stai utilizzando. L'informativa sulla privacy del servizio Gravatar \u00e8 disponibile qui: https:\/\/automattic.com\/privacy\/. Dopo l'approvazione del tuo commento, la tua immagine del profilo sar\u00e0 visibile al pubblico nel contesto del tuo commento.<\/p>\r\n\r\n\r\n\r\n<h2 class=\"wp-block-heading\">Media<\/h2>\r\n\r\n\r\n\r\n<p><strong class=\"privacy-policy-tutorial\">Testo suggerito: <\/strong>Se carichi immagini sul sito web, dovresti evitare di caricare immagini con dati di localizzazione incorporati (EXIF GPS) inclusi. I visitatori del sito web possono scaricare ed estrarre qualsiasi dato di localizzazione dalle immagini sul sito web.<\/p>\r\n\r\n\r\n\r\n<h2 class=\"wp-block-heading\">Cookies<\/h2>\r\n\r\n\r\n\r\n<p><strong class=\"privacy-policy-tutorial\">Testo suggerito: <\/strong>Se lasci un commento sul nostro sito, puoi scegliere di salvare il tuo nome, indirizzo email e sito web nei cookie. Questi sono per la tua comodit\u00e0, in modo che tu non debba reinserire i dettagli quando lasci un altro commento. Questi cookie dureranno un anno.<\/p>\r\n\r\n\r\n\r\n<p>Se visiti la nostra pagina di accesso, imposteremo un cookie temporaneo per determinare se il tuo browser accetta i cookie. Questo cookie non contiene dati personali ed \u00e8 eliminato quando chiudi il tuo browser.<\/p>\r\n\r\n\r\n\r\n<p>Quando accedi, imposteremo anche diversi cookie per salvare le tue informazioni di accesso e le tue scelte di visualizzazione dello schermo. I cookie di accesso durano due giorni e i cookie delle opzioni di schermo durano un anno. Se selezioni \u201cRicordami\u201d, il tuo accesso rimarr\u00e0 attivo per due settimane. Se esci dal tuo account, i cookie di accesso saranno rimossi.<\/p>\r\n\r\n\r\n\r\n<p>Se modifichi o pubblichi un articolo, un cookie aggiuntivo sar\u00e0 salvato nel tuo browser. Questo cookie non include dati personali e indica semplicemente l'ID del post dell'articolo che hai appena modificato. Scade dopo 1 giorno.<\/p>\r\n\r\n\r\n\r\n<h2 class=\"wp-block-heading\">Contenuto incorporato da altri siti web<\/h2>\r\n\r\n\r\n\r\n<p><strong class=\"privacy-policy-tutorial\">Testo suggerito: <\/strong>Gli articoli su questo sito possono includere contenuti incorporati (ad es. video, immagini, articoli, ecc.). I contenuti incorporati da altri siti web si comportano esattamente allo stesso modo come se il visitatore avesse visitato l'altro sito web.<\/p>\r\n\r\n\r\n\r\n<p>Questi siti web possono raccogliere dati su di te, utilizzare cookie, incorporare ulteriori tracciamenti di terze parti e monitorare la tua interazione con quel contenuto incorporato, incluso il tracciamento della tua interazione con il contenuto incorporato se hai un account ed sei loggato su quel sito web.<\/p>\r\n\r\n\r\n\r\n<h2 class=\"wp-block-heading\">Con chi condividiamo i tuoi dati<\/h2>\r\n\r\n\r\n\r\n<p><strong class=\"privacy-policy-tutorial\">Testo suggerito: <\/strong>Se richiedi un ripristino della password, il tuo indirizzo IP sar\u00e0 incluso nell'email di ripristino.<\/p>\r\n\r\n\r\n\r\n<h2 class=\"wp-block-heading\">Per quanto tempo conserviamo i tuoi dati<\/h2>\r\n\r\n\r\n\r\n<p><strong class=\"privacy-policy-tutorial\">Testo suggerito: <\/strong>Se lasci un commento, il commento e i suoi metadati sono conservati indefinitamente. Questo \u00e8 cos\u00ec possiamo riconoscere e approvare automaticamente eventuali commenti di follow-up anzich\u00e9 trattenerli in una coda di moderazione.<\/p>\r\n\r\n\r\n\r\n<p>Per gli utenti che si registrano sul nostro sito web (se presenti), memorizziamo anche le informazioni personali che forniscono nel loro profilo utente. Tutti gli utenti possono vedere, modificare o eliminare le proprie informazioni personali in qualsiasi momento (eccetto che non possono cambiare il loro nome utente). Gli amministratori del sito possono anche vedere e modificare quelle informazioni.<\/p>\r\n\r\n\r\n\r\n<h2 class=\"wp-block-heading\">Quali diritti hai sui tuoi dati<\/h2>\r\n\r\n\r\n\r\n<p><strong class=\"privacy-policy-tutorial\">Testo suggerito: <\/strong>Se hai un account su questo sito, o hai lasciato commenti, puoi richiedere di ricevere un file esportato dei dati personali che possediamo su di te, incluse eventuali informazioni che ci hai fornito. Puoi anche richiedere che noi cancelliamo qualsiasi dato personale che abbiamo su di te. Questo non include dati che siamo obbligati a conservare per scopi amministrativi, legali o di sicurezza.<\/p>\r\n\r\n\r\n\r\n<h2 class=\"wp-block-heading\">Dove vengono inviati i tuoi dati<\/h2>\r\n\r\n\r\n\r\n<p><strong class=\"privacy-policy-tutorial\">Testo suggerito: <\/strong>I commenti dei visitatori possono essere controllati tramite un servizio automatico di rilevazione dello spam.<\/p>\r\n\r\n<p>&nbsp;<\/p>","protected":false},"excerpt":{"rendered":"<p>Who we are Suggested text: Our website address is: https:\/\/hwleiclaser.com. Comments Suggested text: When visitors leave comments on the site we collect the data shown in the comments form, and also the visitor\u2019s IP address and browser user agent string to help spam detection. An anonymized string created from your email address (also called a [&hellip;]<\/p>","protected":false},"author":1,"featured_media":0,"parent":0,"menu_order":2,"comment_status":"closed","ping_status":"closed","template":"privacy.php","meta":{"_acf_changed":false,"footnotes":""},"class_list":["post-1476","page","type-page","status-publish","hentry"],"acf":[],"_links":{"self":[{"href":"https:\/\/hwleiclaser.com\/it\/wp-json\/wp\/v2\/pages\/1476","targetHints":{"allow":["GET"]}}],"collection":[{"href":"https:\/\/hwleiclaser.com\/it\/wp-json\/wp\/v2\/pages"}],"about":[{"href":"https:\/\/hwleiclaser.com\/it\/wp-json\/wp\/v2\/types\/page"}],"author":[{"embeddable":true,"href":"https:\/\/hwleiclaser.com\/it\/wp-json\/wp\/v2\/users\/1"}],"replies":[{"embeddable":true,"href":"https:\/\/hwleiclaser.com\/it\/wp-json\/wp\/v2\/comments?post=1476"}],"version-history":[{"count":2,"href":"https:\/\/hwleiclaser.com\/it\/wp-json\/wp\/v2\/pages\/1476\/revisions"}],"predecessor-version":[{"id":4320,"href":"https:\/\/hwleiclaser.com\/it\/wp-json\/wp\/v2\/pages\/1476\/revisions\/4320"}],"wp:attachment":[{"href":"https:\/\/hwleiclaser.com\/it\/wp-json\/wp\/v2\/media?parent=1476"}],"curies":[{"name":"wp","href":"https:\/\/api.w.org\/{rel}","templated":true}]}}